{"id":9063,"date":"2025-06-04T08:16:52","date_gmt":"2025-06-04T06:16:52","guid":{"rendered":"https:\/\/www.galex3d.tech\/?post_type=product&#038;p=9063"},"modified":"2025-07-25T15:16:10","modified_gmt":"2025-07-25T13:16:10","slug":"blocco-riscaldante","status":"publish","type":"product","link":"https:\/\/www.galex3d.tech\/en\/product\/blocco-riscaldante\/","title":{"rendered":"Heating block"},"content":{"rendered":"<p>Blocco riscaldante in lega di rame ad alta conducibilit\u00e0 termica, progettato per garantire prestazioni elevate e resistenza alle alte temperature.<\/p>\n<p>Compatibilit\u00e0:<\/p>\n<ul>\n<li>Resistenza riscaldante cilindrica: \u00d8 6 mm, lunghezza 20 mm<\/li>\n<li>Sensore di temperatura cilindrico: \u00d8 3 mm o con filettatura M3<\/li>\n<\/ul>","protected":false},"excerpt":{"rendered":"<p>Blocco riscaldante in lega di rame ad alta conducibilit\u00e0 termica, progettato per garantire prestazioni elevate e resistenza alle alte temperature. Compatibilit\u00e0: Resistenza riscaldante cilindrica: \u00d8 6 mm, lunghezza 20 mm Sensore di temperatura cilindrico: \u00d8 3 mm o con filettatura M3<\/p>","protected":false},"featured_media":9466,"comment_status":"open","ping_status":"closed","template":"","meta":[],"product_brand":[],"product_cat":[160],"product_tag":[],"class_list":{"0":"post-9063","1":"product","2":"type-product","3":"status-publish","4":"has-post-thumbnail","6":"product_cat-galex3d","8":"first","9":"instock","10":"shipping-taxable","11":"purchasable","12":"product-type-variable"},"_links":{"self":[{"href":"https:\/\/www.galex3d.tech\/en\/wp-json\/wp\/v2\/product\/9063","targetHints":{"allow":["GET"]}}],"collection":[{"href":"https:\/\/www.galex3d.tech\/en\/wp-json\/wp\/v2\/product"}],"about":[{"href":"https:\/\/www.galex3d.tech\/en\/wp-json\/wp\/v2\/types\/product"}],"replies":[{"embeddable":true,"href":"https:\/\/www.galex3d.tech\/en\/wp-json\/wp\/v2\/comments?post=9063"}],"version-history":[{"count":0,"href":"https:\/\/www.galex3d.tech\/en\/wp-json\/wp\/v2\/product\/9063\/revisions"}],"wp:featuredmedia":[{"embeddable":true,"href":"https:\/\/www.galex3d.tech\/en\/wp-json\/wp\/v2\/media\/9466"}],"wp:attachment":[{"href":"https:\/\/www.galex3d.tech\/en\/wp-json\/wp\/v2\/media?parent=9063"}],"wp:term":[{"taxonomy":"product_brand","embeddable":true,"href":"https:\/\/www.galex3d.tech\/en\/wp-json\/wp\/v2\/product_brand?post=9063"},{"taxonomy":"product_cat","embeddable":true,"href":"https:\/\/www.galex3d.tech\/en\/wp-json\/wp\/v2\/product_cat?post=9063"},{"taxonomy":"product_tag","embeddable":true,"href":"https:\/\/www.galex3d.tech\/en\/wp-json\/wp\/v2\/product_tag?post=9063"}],"curies":[{"name":"wp","href":"https:\/\/api.w.org\/{rel}","templated":true}]}}